{"id":714,"date":"2022-03-15T14:45:42","date_gmt":"2022-03-15T13:45:42","guid":{"rendered":"https:\/\/www.fiesta-eventfactory-mallorca.com\/alquiler\/"},"modified":"2024-03-31T16:29:59","modified_gmt":"2024-03-31T14:29:59","slug":"alquiler","status":"publish","type":"page","link":"https:\/\/www.fiesta-eventfactory-mallorca.com\/es\/alquiler\/","title":{"rendered":"Alquiler"},"content":{"rendered":"\t\t<div data-elementor-type=\"wp-page\" data-elementor-id=\"714\" class=\"elementor elementor-714 elementor-35\" data-elementor-post-type=\"page\">\n\t\t\t\t\t\t<section class=\"elementor-section elementor-top-section elementor-element elementor-element-c524dc0 elementor-section-full_width elementor-section-height-default elementor-section-height-default\" data-id=\"c524dc0\" data-element_type=\"section\" data-e-type=\"section\">\n\t\t\t\t\t\t<div class=\"elementor-container elementor-column-gap-no\">\n\t\t\t\t\t<div class=\"elementor-column elementor-col-100 elementor-top-column elementor-element elementor-element-c2ce34f\" data-id=\"c2ce34f\" data-element_type=\"column\" data-e-type=\"column\">\n\t\t\t<div class=\"elementor-widget-wrap elementor-element-populated\">\n\t\t\t\t\t\t<div class=\"elementor-element elementor-element-5414f42 elementor--h-position-center elementor--v-position-middle elementor-arrows-position-inside elementor-pagination-position-inside elementor-widget elementor-widget-slides\" data-id=\"5414f42\" data-element_type=\"widget\" data-e-type=\"widget\" data-settings=\"{&quot;navigation&quot;:&quot;both&quot;,&quot;autoplay&quot;:&quot;yes&quot;,&quot;pause_on_hover&quot;:&quot;yes&quot;,&quot;pause_on_interaction&quot;:&quot;yes&quot;,&quot;autoplay_speed&quot;:5000,&quot;infinite&quot;:&quot;yes&quot;,&quot;transition&quot;:&quot;slide&quot;,&quot;transition_speed&quot;:500}\" data-widget_type=\"slides.default\">\n\t\t\t\t<div class=\"elementor-widget-container\">\n\t\t\t\t\t\t\t\t\t<div class=\"elementor-swiper\">\n\t\t\t\t\t<div class=\"elementor-slides-wrapper elementor-main-swiper swiper\" role=\"region\" aria-roledescription=\"carousel\" aria-label=\"Diapositivas\" dir=\"ltr\" data-animation=\"fadeInUp\">\n\t\t\t\t<div class=\"swiper-wrapper elementor-slides\">\n\t\t\t\t\t\t\t\t\t\t<div class=\"elementor-repeater-item-7322c90 swiper-slide\" role=\"group\" aria-roledescription=\"slide\"><div class=\"swiper-slide-bg\" role=\"img\" aria-label=\"Conjunto de copas de champ\u00e1n vac\u00edas dispuestas sobre un mantel rojo para catering en Mallorca.\"><\/div><div class=\"swiper-slide-inner\" ><div class=\"swiper-slide-contents\"><\/div><\/div><\/div>\t\t\t\t<\/div>\n\t\t\t\t\t\t\t<\/div>\n\t\t\t\t<\/div>\n\t\t\t\t\t\t\t\t<\/div>\n\t\t\t\t<\/div>\n\t\t\t\t\t<\/div>\n\t\t<\/div>\n\t\t\t\t\t<\/div>\n\t\t<\/section>\n\t\t\t\t<section class=\"elementor-section elementor-top-section elementor-element elementor-element-be5eed7 elementor-section-full_width elementor-section-height-default elementor-section-height-default\" data-id=\"be5eed7\" data-element_type=\"section\" data-e-type=\"section\" data-settings=\"{&quot;background_background&quot;:&quot;classic&quot;}\">\n\t\t\t\t\t\t<div class=\"elementor-container elementor-column-gap-narrow\">\n\t\t\t\t\t<div class=\"elementor-column elementor-col-100 elementor-top-column elementor-element elementor-element-700794e\" data-id=\"700794e\" data-element_type=\"column\" data-e-type=\"column\">\n\t\t\t<div class=\"elementor-widget-wrap elementor-element-populated\">\n\t\t\t\t\t\t<div class=\"elementor-element elementor-element-afa7dd1 elementor-widget elementor-widget-text-editor\" data-id=\"afa7dd1\" data-element_type=\"widget\" data-e-type=\"widget\" data-widget_type=\"text-editor.default\">\n\t\t\t\t<div class=\"elementor-widget-container\">\n\t\t\t\t\t\t\t\t\t<p>CATERING &#8211; SERVICIO DE FIESTAS &#8211; ALQUILER &#8211; AGENCIA DE EVENTOS &#8211; INCENTIVOS &#8211; LEMA EVENTOS<\/p>\n\t\t\t\t\t\t\t\t<\/div>\n\t\t\t\t<\/div>\n\t\t\t\t\t<\/div>\n\t\t<\/div>\n\t\t\t\t\t<\/div>\n\t\t<\/section>\n\t\t\t\t<section class=\"elementor-section elementor-top-section elementor-element elementor-element-c05661b elementor-section-boxed elementor-section-height-default elementor-section-height-default\" data-id=\"c05661b\" data-element_type=\"section\" data-e-type=\"section\">\n\t\t\t\t\t\t<div class=\"elementor-container elementor-column-gap-default\">\n\t\t\t\t\t<div class=\"elementor-column elementor-col-100 elementor-top-column elementor-element elementor-element-163e550\" data-id=\"163e550\" data-element_type=\"column\" data-e-type=\"column\">\n\t\t\t<div class=\"elementor-widget-wrap elementor-element-populated\">\n\t\t\t\t\t\t<div class=\"elementor-element elementor-element-5bb96a4 elementor-widget elementor-widget-heading\" data-id=\"5bb96a4\" data-element_type=\"widget\" data-e-type=\"widget\" data-widget_type=\"heading.default\">\n\t\t\t\t<div class=\"elementor-widget-container\">\n\t\t\t\t\t<h1 class=\"elementor-heading-title elementor-size-default\">Equipamiento - Restauraci\u00f3n - Alquiler<\/h1>\t\t\t\t<\/div>\n\t\t\t\t<\/div>\n\t\t\t\t\t<\/div>\n\t\t<\/div>\n\t\t\t\t\t<\/div>\n\t\t<\/section>\n\t\t\t\t<section class=\"elementor-section elementor-top-section elementor-element elementor-element-4dbca14 elementor-reverse-mobile elementor-section-boxed elementor-section-height-default elementor-section-height-default\" data-id=\"4dbca14\" data-element_type=\"section\" data-e-type=\"section\">\n\t\t\t\t\t\t<div class=\"elementor-container elementor-column-gap-default\">\n\t\t\t\t\t<div class=\"elementor-column elementor-col-33 elementor-top-column elementor-element elementor-element-afa404d\" data-id=\"afa404d\" data-element_type=\"column\" data-e-type=\"column\">\n\t\t\t<div class=\"elementor-widget-wrap elementor-element-populated\">\n\t\t\t\t\t\t<div class=\"elementor-element elementor-element-d3cc51f elementor-widget elementor-widget-image\" data-id=\"d3cc51f\" data-element_type=\"widget\" data-e-type=\"widget\" data-widget_type=\"image.default\">\n\t\t\t\t<div class=\"elementor-widget-container\">\n\t\t\t\t\t\t\t\t\t\t\t\t\t\t\t<img loading=\"lazy\" decoding=\"async\" width=\"768\" height=\"768\" src=\"https:\/\/www.fiesta-eventfactory-mallorca.com\/wp-content\/uploads\/2023\/12\/partyverleih-768x768.png\" class=\"attachment-medium_large size-medium_large wp-image-1049\" alt=\"Montaje de catering al aire libre para un evento en Mallorca con mesas de comedor, estaciones de cocina y una sala de estar.\" srcset=\"https:\/\/www.fiesta-eventfactory-mallorca.com\/wp-content\/uploads\/2023\/12\/partyverleih-768x768.png 768w, https:\/\/www.fiesta-eventfactory-mallorca.com\/wp-content\/uploads\/2023\/12\/partyverleih-300x300.png 300w, https:\/\/www.fiesta-eventfactory-mallorca.com\/wp-content\/uploads\/2023\/12\/partyverleih-150x150.png 150w, https:\/\/www.fiesta-eventfactory-mallorca.com\/wp-content\/uploads\/2023\/12\/partyverleih.png 1024w\" sizes=\"auto, (max-width: 768px) 100vw, 768px\" title=\"Alquiler\">\t\t\t\t\t\t\t\t\t\t\t\t\t\t\t<\/div>\n\t\t\t\t<\/div>\n\t\t\t\t\t<\/div>\n\t\t<\/div>\n\t\t\t\t<div class=\"elementor-column elementor-col-66 elementor-top-column elementor-element elementor-element-bc12ff5\" data-id=\"bc12ff5\" data-element_type=\"column\" data-e-type=\"column\">\n\t\t\t<div class=\"elementor-widget-wrap elementor-element-populated\">\n\t\t\t\t\t\t<div class=\"elementor-element elementor-element-9d4f9f7 elementor-widget elementor-widget-text-editor\" data-id=\"9d4f9f7\" data-element_type=\"widget\" data-e-type=\"widget\" data-widget_type=\"text-editor.default\">\n\t\t\t\t<div class=\"elementor-widget-container\">\n\t\t\t\t\t\t\t\t\t<p>\u00bfEs usted un cocinero aficionado, o quiere que sus invitados se acerquen a la parrilla, pero no dispone del equipo necesario?<\/p>\n<p><strong>Le ofrecemos:<\/strong><\/p>\n<p>Vajilla, vasos, cubiertos<br \/>Manteler\u00eda, sillas, mesas, fundas<br \/>Grillo grande, juegos de mesa para cerveza, grifos de cerveza<br \/>Neveras para bebidas, carpas, chill-out y mobiliario de exposici\u00f3n<br \/>Equipos de luz y sonido, calefactores, etc.<\/p>\n<p>No hay problema, en nuestro alquiler de fiesta Mallorca todo est\u00e1 listo para usted, incl. log\u00edstica de transporte asociada.<\/p>\n<p>Estaremos encantados de entreg\u00e1rselo y recogerlo todo usado de nuevo, para que no tenga m\u00e1s trabajo el d\u00eda despu\u00e9s.<\/p>\n<p>Si realmente quiere prescindir de nuestra deliciosa comida, nuestro amable personal y nuestra ejecuci\u00f3n profesional, estaremos encantados de proporcionarle todo el equipo, desde el plato hasta la mesa, el enfriador de bebidas y el sistema de grifo, sistemas de luz-sonido , artistas , arco de flores y mucho m\u00e1s.<\/p>\n<p>Estaremos encantados de entreg\u00e1rselo o puede recogerlo todo en nuestro almac\u00e9n.<\/p>\n\t\t\t\t\t\t\t\t<\/div>\n\t\t\t\t<\/div>\n\t\t\t\t\t<\/div>\n\t\t<\/div>\n\t\t\t\t\t<\/div>\n\t\t<\/section>\n\t\t\t\t<\/div>\n\t\t","protected":false},"excerpt":{"rendered":"<p>CATERING &#8211; SERVICIO DE FIESTAS &#8211; ALQUILER &#8211; AGENCIA DE EVENTOS &#8211; INCENTIVOS &#8211; LEMA EVENTOS Equipamiento &#8211; Restauraci\u00f3n &#8211; Alquiler \u00bfEs usted un cocinero aficionado, o quiere que sus invitados se acerquen a la parrilla, pero no dispone del equipo necesario? Le ofrecemos: Vajilla, vasos, cubiertosManteler\u00eda, sillas, mesas, fundasGrillo grande, juegos de mesa para [&hellip;]<\/p>\n","protected":false},"author":1,"featured_media":0,"parent":0,"menu_order":0,"comment_status":"closed","ping_status":"closed","template":"","meta":{"footnotes":""},"class_list":["post-714","page","type-page","status-publish","hentry"],"_links":{"self":[{"href":"https:\/\/www.fiesta-eventfactory-mallorca.com\/es\/wp-json\/wp\/v2\/pages\/714","targetHints":{"allow":["GET"]}}],"collection":[{"href":"https:\/\/www.fiesta-eventfactory-mallorca.com\/es\/wp-json\/wp\/v2\/pages"}],"about":[{"href":"https:\/\/www.fiesta-eventfactory-mallorca.com\/es\/wp-json\/wp\/v2\/types\/page"}],"author":[{"embeddable":true,"href":"https:\/\/www.fiesta-eventfactory-mallorca.com\/es\/wp-json\/wp\/v2\/users\/1"}],"replies":[{"embeddable":true,"href":"https:\/\/www.fiesta-eventfactory-mallorca.com\/es\/wp-json\/wp\/v2\/comments?post=714"}],"version-history":[{"count":9,"href":"https:\/\/www.fiesta-eventfactory-mallorca.com\/es\/wp-json\/wp\/v2\/pages\/714\/revisions"}],"predecessor-version":[{"id":1101,"href":"https:\/\/www.fiesta-eventfactory-mallorca.com\/es\/wp-json\/wp\/v2\/pages\/714\/revisions\/1101"}],"wp:attachment":[{"href":"https:\/\/www.fiesta-eventfactory-mallorca.com\/es\/wp-json\/wp\/v2\/media?parent=714"}],"curies":[{"name":"wp","href":"https:\/\/api.w.org\/{rel}","templated":true}]}}