{"id":652,"date":"2022-03-15T14:46:33","date_gmt":"2022-03-15T13:46:33","guid":{"rendered":"https:\/\/www.fiesta-eventfactory-mallorca.com\/proteccion-de-datos\/"},"modified":"2024-03-31T16:20:14","modified_gmt":"2024-03-31T14:20:14","slug":"proteccion-de-datos","status":"publish","type":"page","link":"https:\/\/www.fiesta-eventfactory-mallorca.com\/es\/proteccion-de-datos\/","title":{"rendered":"Protecci\u00f3n de datos"},"content":{"rendered":"\t\t<div data-elementor-type=\"wp-page\" data-elementor-id=\"652\" class=\"elementor elementor-652 elementor-45\" data-elementor-post-type=\"page\">\n\t\t\t\t\t\t<section class=\"elementor-section elementor-top-section elementor-element elementor-element-c371716 elementor-section-boxed elementor-section-height-default elementor-section-height-default\" data-id=\"c371716\" data-element_type=\"section\" data-e-type=\"section\">\n\t\t\t\t\t\t<div class=\"elementor-container elementor-column-gap-default\">\n\t\t\t\t\t<div class=\"elementor-column elementor-col-100 elementor-top-column elementor-element elementor-element-86d1aa4\" data-id=\"86d1aa4\" data-element_type=\"column\" data-e-type=\"column\">\n\t\t\t<div class=\"elementor-widget-wrap elementor-element-populated\">\n\t\t\t\t\t\t<div class=\"elementor-element elementor-element-98fd1d0 elementor-widget elementor-widget-heading\" data-id=\"98fd1d0\" data-element_type=\"widget\" data-e-type=\"widget\" data-widget_type=\"heading.default\">\n\t\t\t\t<div class=\"elementor-widget-container\">\n\t\t\t\t\t<h1 class=\"elementor-heading-title elementor-size-default\">Protecci\u00f3n de datos<\/h1>\t\t\t\t<\/div>\n\t\t\t\t<\/div>\n\t\t\t\t\t<\/div>\n\t\t<\/div>\n\t\t\t\t\t<\/div>\n\t\t<\/section>\n\t\t\t\t<section class=\"elementor-section elementor-top-section elementor-element elementor-element-4595cac elementor-section-boxed elementor-section-height-default elementor-section-height-default\" data-id=\"4595cac\" data-element_type=\"section\" data-e-type=\"section\">\n\t\t\t\t\t\t<div class=\"elementor-container elementor-column-gap-default\">\n\t\t\t\t\t<div class=\"elementor-column elementor-col-100 elementor-top-column elementor-element elementor-element-e9e4c45\" data-id=\"e9e4c45\" data-element_type=\"column\" data-e-type=\"column\">\n\t\t\t<div class=\"elementor-widget-wrap elementor-element-populated\">\n\t\t\t\t\t\t<div class=\"elementor-element elementor-element-e95d113 elementor-widget elementor-widget-text-editor\" data-id=\"e95d113\" data-element_type=\"widget\" data-e-type=\"widget\" data-widget_type=\"text-editor.default\">\n\t\t\t\t<div class=\"elementor-widget-container\">\n\t\t\t\t\t\t\t\t\t<p><strong>\u00a7 1 Generalidades<\/strong><\/p>\n<p>Sus datos personales (por ejemplo, t\u00edtulo, nombre, direcci\u00f3n, direcci\u00f3n de correo electr\u00f3nico, n\u00famero de tel\u00e9fono, datos bancarios, n\u00famero de tarjeta de cr\u00e9dito) s\u00f3lo ser\u00e1n procesados por nosotros de conformidad con las disposiciones de la ley alemana de protecci\u00f3n de datos y la ley de protecci\u00f3n de datos de la Uni\u00f3n Europea (UE). Las siguientes normas le informan sobre el tipo, alcance y finalidad de la recogida, tratamiento y uso de datos personales. Esta pol\u00edtica de privacidad s\u00f3lo se aplica a nuestros sitios web. Si se le redirige a otros sitios a trav\u00e9s de enlaces en nuestras p\u00e1ginas, inf\u00f3rmese all\u00ed sobre el tratamiento respectivo de sus datos.<\/p>\n<p><strong>\u00a7 2 Datos de inventario<\/strong><\/p>\n<p>(1) Sus datos personales, en la medida en que sean necesarios para el establecimiento, contenido o modificaci\u00f3n de la relaci\u00f3n contractual (datos de inventario), se utilizar\u00e1n exclusivamente para la tramitaci\u00f3n del contrato. Por ejemplo, para poder entregar la mercanc\u00eda, es necesario comunicar su nombre y direcci\u00f3n al proveedor de servicios de env\u00edo.<\/p>\n<p>(2) Sus datos personales no se transmitir\u00e1n a terceros ajenos a la tramitaci\u00f3n del contrato sin su consentimiento expreso o sin base jur\u00eddica. Una vez que el contrato se haya tramitado en su totalidad, sus datos quedar\u00e1n bloqueados para usos posteriores. Tras la expiraci\u00f3n de las normas fiscales y comerciales, estos datos se eliminan a menos que usted haya consentido expresamente su uso posterior.<\/p>\n<p><strong>\u00a7 3 Informaci\u00f3n sobre cookies<\/strong><\/p>\n<p>(1) Utilizamos cookies para optimizar nuestro sitio web. Son peque\u00f1os archivos de texto que se almacenan temporalmente en la memoria RAM de su ordenador. Estas cookies se vuelven a borrar despu\u00e9s de cerrar el navegador.<\/p>\n<p>(2) Puede evitar que se guarden las cookies seleccionando \u00abBloquear cookies\u00bb en la configuraci\u00f3n de su navegador. Sin embargo, esto puede dar lugar a una restricci\u00f3n funcional de nuestras ofertas.<\/p>\n<p><strong>\u00a7 4 Derechos del interesado<\/strong><\/p>\n<p>Si se tratan sus datos personales, usted es un interesado en el sentido del RGPD y tiene los siguientes derechos frente al responsable del tratamiento:<\/p>\n<p><strong>1. derecho a la informaci\u00f3n<\/strong><\/p>\n<p>Puede solicitar confirmaci\u00f3n al responsable del tratamiento sobre si estamos tratando datos personales que le conciernen.<\/p>\n<p>Si existe tal tratamiento, puede solicitar informaci\u00f3n al responsable del tratamiento sobre lo siguiente:<\/p>\n<p>(1) los fines para los que se tratan los datos personales;<\/p>\n<p>(2) las categor\u00edas de datos personales que se tratan;<\/p>\n<p>(3) los destinatarios o categor\u00edas de destinatarios a los que se han comunicado o se comunicar\u00e1n los datos personales que le conciernen;<\/p>\n<p>(4) la duraci\u00f3n prevista del almacenamiento de los datos personales que le conciernen o, si no es posible facilitar informaci\u00f3n espec\u00edfica al respecto, los criterios para determinar la duraci\u00f3n del almacenamiento;<\/p>\n<p>(5) la existencia de un derecho de rectificaci\u00f3n o supresi\u00f3n de los datos personales que le conciernen, un derecho a obtener la limitaci\u00f3n del tratamiento por parte del responsable del tratamiento o un derecho a oponerse a dicho tratamiento;<\/p>\n<p>(6) la existencia de un derecho de recurso ante una autoridad de control;<\/p>\n<p>(7) cualquier informaci\u00f3n disponible sobre el origen de los datos si los datos personales no se recogen del interesado;<\/p>\n<p>(8) la existencia de decisiones automatizadas, incluida la elaboraci\u00f3n de perfiles, de conformidad con el art\u00edculo 22 (1) y (4) del GDPR y -al menos en estos casos- informaci\u00f3n significativa sobre la l\u00f3gica implicada y el alcance y los efectos previstos de dicho tratamiento para el interesado.<\/p>\n<p>Tiene derecho a solicitar informaci\u00f3n sobre si los datos personales que le conciernen se transfieren a un tercer pa\u00eds o a una organizaci\u00f3n internacional. En este contexto, puede solicitar que se le informe sobre las garant\u00edas adecuadas con arreglo a la ley. Art.46 El interesado ser\u00e1 informado de las disposiciones del GDPR en relaci\u00f3n con la transferencia.<\/p>\n<p><strong>2. derecho de rectificaci\u00f3n<\/strong><\/p>\n<p>Usted tiene derecho a rectificar o completar los datos personales tratados que le conciernen si son inexactos o incompletos. La persona responsable efectuar\u00e1 la correcci\u00f3n sin demora.<\/p>\n<p><strong>3. derecho a la limitaci\u00f3n del tratamiento<\/strong><\/p>\n<p>Puede solicitar la limitaci\u00f3n del tratamiento de los datos personales que le conciernen en las siguientes condiciones:<\/p>\n<p>(1) si impugna la exactitud de los datos personales que le conciernen durante un periodo que permita al responsable del tratamiento verificar la exactitud de los datos personales;<\/p>\n<p>(2) el tratamiento es il\u00edcito y usted se opone a la supresi\u00f3n de los datos personales y solicita en su lugar la limitaci\u00f3n de su uso;<\/p>\n<p>(3) el responsable del tratamiento ya no necesita los datos personales para los fines del tratamiento, pero usted los necesita para el reconocimiento, el ejercicio o la defensa de un derecho en un procedimiento judicial; o<\/p>\n<p>(4) si se opone al tratamiento con arreglo al art\u00edculo 21 P\u00e1rrafo 1 DSGVO y a\u00fan no se ha determinado si los motivos leg\u00edtimos del responsable del tratamiento prevalecen sobre sus motivos.<\/p>\n<p>Cuando se haya restringido el tratamiento de datos personales que le conciernan, dichos datos s\u00f3lo podr\u00e1n tratarse, con excepci\u00f3n de su conservaci\u00f3n, con su consentimiento o para el reconocimiento, ejercicio o defensa de un derecho en un procedimiento judicial o para la protecci\u00f3n de los derechos de otra persona f\u00edsica o jur\u00eddica, o por razones de inter\u00e9s p\u00fablico importante de la Uni\u00f3n o de un Estado miembro.<\/p>\n<p>Si la restricci\u00f3n del tratamiento se ha restringido de conformidad con las condiciones anteriores, el responsable del tratamiento le informar\u00e1 antes de que se levante la restricci\u00f3n.<\/p>\n<p><strong>4. derecho de supresi\u00f3n<\/strong><\/p>\n<p>a) Obligaci\u00f3n de supresi\u00f3n<\/p>\n<p>Usted puede solicitar al responsable del tratamiento que borre sin demora los datos personales que le conciernen y el responsable del tratamiento est\u00e1 obligado a borrar estos datos sin demora si se da una de las siguientes razones:<\/p>\n<p>(1) Los datos personales que le conciernen ya no son necesarios para los fines para los que fueron recogidos o tratados de otro modo.<\/p>\n<p>(2) Usted revoca el consentimiento en el que se basa el tratamiento de conformidad con el art. Art.6 Apartado 1, letra a), o art\u00edculo 9 (2) lit.a DSGVO y no existe ning\u00fan otro fundamento jur\u00eddico para el tratamiento.<\/p>\n<p>(3) Establecer\u00e1n, de conformidad con Art.21 P\u00e1rrafo 1 DSGVO y no existen motivos leg\u00edtimos imperiosos para el tratamiento, o usted presenta una objeci\u00f3n al tratamiento de conformidad con el art\u00edculo 7 de la DSGVO. Art.21 P\u00e1rrafo 2 La DSGVO se opone al tratamiento.<\/p>\n<p>(4) Los datos personales que le conciernen han sido tratados ilegalmente.<\/p>\n<p>(5) La supresi\u00f3n de los datos personales que le conciernen es necesaria para el cumplimiento de una obligaci\u00f3n legal en virtud del Derecho de la Uni\u00f3n o de los Estados miembros a la que est\u00e1 sujeto el responsable del tratamiento.<\/p>\n<p>(6) Los datos personales que le conciernen han sido tratados en relaci\u00f3n con servicios de la sociedad de la informaci\u00f3n ofrecidos con arreglo al art\u00edculo 8 de la Directiva. P\u00e1rrafo 1 DSGVO recogido.<\/p>\n<p>b) Informaci\u00f3n a terceros<\/p>\n<p>Si el responsable del tratamiento ha hecho p\u00fablicos los datos personales que le conciernen y est\u00e1 obligado a hacerlo de conformidad con la ley, tiene derecho a retirarlos. Art.17 P\u00e1rrafo 1 Si el responsable del tratamiento est\u00e1 obligado a suprimir los datos personales, deber\u00e1, teniendo en cuenta la tecnolog\u00eda disponible y los costes de aplicaci\u00f3n, adoptar medidas razonables, incluidas medidas t\u00e9cnicas, para informar a los responsables del tratamiento que traten los datos personales de que usted, como interesado, ha solicitado la supresi\u00f3n de todos los enlaces a dichos datos personales, o de las copias o r\u00e9plicas de los mismos.<\/p>\n<p>c) Excepciones<\/p>\n<p>El derecho de supresi\u00f3n no existe en la medida en que el tratamiento sea necesario<\/p>\n<p>(1) ejercer el derecho a la libertad de expresi\u00f3n e informaci\u00f3n;<\/p>\n<p>(2) para el cumplimiento de una obligaci\u00f3n jur\u00eddica que requiera un tratamiento con arreglo al Derecho de la Uni\u00f3n o de los Estados miembros a la que est\u00e9 sujeto el responsable del tratamiento, o para el cumplimiento de una misi\u00f3n realizada en inter\u00e9s p\u00fablico o en el ejercicio de poderes p\u00fablicos conferidos al responsable del tratamiento;<\/p>\n<p>(3) por razones de inter\u00e9s p\u00fablico en el \u00e1mbito de la salud p\u00fablica de conformidad con el art\u00edculo 9 P\u00e1rrafo 2, letras h) e i), y art\u00edculo 9 P\u00e1rrafo 3 GDPR;<\/p>\n<p>(4) con fines de archivo en inter\u00e9s p\u00fablico, con fines de investigaci\u00f3n cient\u00edfica o hist\u00f3rica o con fines estad\u00edsticos de conformidad con el art\u00edculo 4. Art.89 P\u00e1rrafo 1 DSGVO, en la medida en que el derecho contemplado en el apartado a) pueda hacer imposible o perjudicar gravemente la consecuci\u00f3n de los fines de dicho tratamiento, o bien<\/p>\n<p>(5) para hacer valer, ejercer o defender reclamaciones legales.<\/p>\n<p><strong>5. derecho a la informaci\u00f3n<\/strong><\/p>\n<p>Si usted ha hecho valer el derecho de rectificaci\u00f3n, supresi\u00f3n o limitaci\u00f3n del tratamiento frente al responsable del tratamiento, \u00e9ste est\u00e1 obligado a comunicar dicha rectificaci\u00f3n o supresi\u00f3n de los datos o limitaci\u00f3n del tratamiento a todos los destinatarios a los que se hayan comunicado los datos personales que le conciernen, salvo que ello resulte imposible o suponga un esfuerzo desproporcionado.<\/p>\n<p>Tiene derecho a ser informado de estos destinatarios por el responsable del tratamiento.<\/p>\n<p><strong>6. derecho a la portabilidad de los datos<\/strong><\/p>\n<p>Tiene derecho a recibir los datos personales que le conciernan y que haya facilitado al responsable del tratamiento en un formato estructurado, de uso com\u00fan y lectura mec\u00e1nica. Tambi\u00e9n tiene derecho a transmitir estos datos a otro responsable del tratamiento sin impedimentos por parte del responsable al que se hayan facilitado los datos personales, siempre que<\/p>\n<p>(1) el tratamiento se basa en el consentimiento de conformidad con el art. Art.6 Apartado 1 lit.a DSGVO o art\u00edculo 9 Para.2 lit.a DSGVO o en un contrato de conformidad con \u00a7\u00a7 3. Art.6 (1)(b) del Reglamento de Protecci\u00f3n de Datos y<\/p>\n<p>(2) el tratamiento se realiza con ayuda de procedimientos automatizados.<\/p>\n<p>En el ejercicio de este derecho, tambi\u00e9n tiene derecho a obtener que los datos personales que le conciernen se transfieran directamente de un responsable del tratamiento a otro, siempre que sea t\u00e9cnicamente posible. Las libertades y derechos de otras personas no deben verse afectados por ello.<\/p>\n<p>El derecho a la portabilidad de los datos no se aplicar\u00e1 al tratamiento de datos personales necesario para el cumplimiento de una misi\u00f3n realizada en inter\u00e9s p\u00fablico o en el ejercicio de poderes p\u00fablicos conferidos al responsable del tratamiento.<\/p>\n<p><strong>7. derecho de oposici\u00f3n<\/strong><\/p>\n<p>Tiene derecho a oponerse en cualquier momento, por motivos relacionados con su situaci\u00f3n particular, al tratamiento de los datos personales que le conciernen y que se lleva a cabo sobre la base del art\u00edculo 6 de la Ley de Protecci\u00f3n de Datos. Esto tambi\u00e9n se aplica a la elaboraci\u00f3n de perfiles basados en estas disposiciones.<\/p>\n<p>El responsable del tratamiento dejar\u00e1 de tratar los datos personales que le conciernan, a menos que pueda demostrar motivos leg\u00edtimos imperiosos para el tratamiento que prevalezcan sobre sus intereses, derechos y libertades, o para el reconocimiento, ejercicio o defensa de reclamaciones judiciales.<\/p>\n<p>Si los datos personales que le conciernen se tratan con fines de mercadotecnia directa, tiene derecho a oponerse en cualquier momento al tratamiento de los datos personales que le conciernen con fines de dicha mercadotecnia; esto tambi\u00e9n se aplica a la elaboraci\u00f3n de perfiles, en la medida en que est\u00e9 relacionada con dicha mercadotecnia directa.<\/p>\n<p>Si se opone al tratamiento con fines de venta directa, los datos personales que le conciernen dejar\u00e1n de tratarse con estos fines.<\/p>\n<p>Usted tiene la posibilidad, en relaci\u00f3n con el uso de los servicios de la sociedad de la informaci\u00f3n, no obstante lo dispuesto en la Directiva 2002\/58\/CE, de ejercer su derecho de oposici\u00f3n mediante procedimientos automatizados utilizando especificaciones t\u00e9cnicas.<\/p>\n<p><strong>8. derecho a revocar la declaraci\u00f3n de consentimiento en virtud de la ley de protecci\u00f3n de datos<\/strong><\/p>\n<p>Usted tiene derecho a revocar en cualquier momento su declaraci\u00f3n de consentimiento conforme a la ley de protecci\u00f3n de datos. La revocaci\u00f3n del consentimiento no afectar\u00e1 a la legalidad del tratamiento efectuado sobre la base del consentimiento hasta la revocaci\u00f3n.<\/p>\n<p><strong>9. decisi\u00f3n automatizada en casos individuales, incluida la elaboraci\u00f3n de perfiles<\/strong><\/p>\n<p>Tiene derecho a no ser objeto de una decisi\u00f3n basada \u00fanicamente en el tratamiento automatizado, incluida la elaboraci\u00f3n de perfiles, que produzca efectos jur\u00eddicos en usted o le afecte de forma similar. Esto no se aplicar\u00e1 si la decisi\u00f3n<\/p>\n<p>(1) es necesaria para la celebraci\u00f3n o ejecuci\u00f3n de un contrato entre usted y el responsable del tratamiento,<\/p>\n<p>(2) est\u00e9 autorizada por la legislaci\u00f3n de la Uni\u00f3n o de un Estado miembro a la que est\u00e9 sujeto el responsable del tratamiento y dicha legislaci\u00f3n contenga medidas adecuadas para salvaguardar sus derechos y libertades y sus intereses leg\u00edtimos; o bien<\/p>\n<p>(3) se hace con su consentimiento expreso.<\/p>\n<p>No obstante, estas decisiones no podr\u00e1n basarse en categor\u00edas especiales de datos personales de conformidad con el art\u00edculo 9 del Tratado CE. P\u00e1rrafo 1 Salvo disposici\u00f3n contraria del art\u00edculo 9 del Reglamento (2)(a) o (g) y se han tomado las medidas adecuadas para proteger sus derechos y libertades y sus intereses leg\u00edtimos.<\/p>\n<p>Por lo que respecta a los casos contemplados en los apartados 1 y 3, el responsable del tratamiento adoptar\u00e1 medidas razonables para salvaguardar los derechos y libertades, as\u00ed como sus intereses leg\u00edtimos, incluido al menos el derecho a obtener la intervenci\u00f3n de una persona por parte del responsable del tratamiento, a expresar su punto de vista y a impugnar la decisi\u00f3n.<\/p>\n<p><strong>10. derecho a reclamar ante una autoridad de control<\/strong><\/p>\n<p>Sin perjuicio de cualquier otro recurso administrativo o judicial, tiene derecho a presentar una reclamaci\u00f3n ante una autoridad de control, en particular en el Estado miembro de su residencia, lugar de trabajo o lugar de la presunta infracci\u00f3n, si considera que el tratamiento de los datos personales que le conciernen infringe el GDPR.<\/p>\n<p>La autoridad de control ante la que se haya presentado la reclamaci\u00f3n informar\u00e1 al reclamante de la situaci\u00f3n y el resultado de la reclamaci\u00f3n, incluida la posibilidad de un recurso judicial en virtud del art\u00edculo 78. GDPR.<\/p>\n\t\t\t\t\t\t\t\t<\/div>\n\t\t\t\t<\/div>\n\t\t\t\t\t<\/div>\n\t\t<\/div>\n\t\t\t\t\t<\/div>\n\t\t<\/section>\n\t\t\t\t<\/div>\n\t\t","protected":false},"excerpt":{"rendered":"<p>\u00a7 1 Generalidades Sus datos personales (por ejemplo, t\u00edtulo, nombre, direcci\u00f3n, direcci\u00f3n de correo electr\u00f3nico, n\u00famero de tel\u00e9fono, datos bancarios, n\u00famero de tarjeta de cr\u00e9dito) s\u00f3lo ser\u00e1n procesados por nosotros de conformidad con las disposiciones de la ley alemana de protecci\u00f3n de datos y la ley de protecci\u00f3n de datos de la Uni\u00f3n Europea (UE). [&hellip;]<\/p>\n","protected":false},"author":1,"featured_media":0,"parent":0,"menu_order":0,"comment_status":"closed","ping_status":"closed","template":"","meta":{"footnotes":""},"class_list":["post-652","page","type-page","status-publish","hentry"],"_links":{"self":[{"href":"https:\/\/www.fiesta-eventfactory-mallorca.com\/es\/wp-json\/wp\/v2\/pages\/652","targetHints":{"allow":["GET"]}}],"collection":[{"href":"https:\/\/www.fiesta-eventfactory-mallorca.com\/es\/wp-json\/wp\/v2\/pages"}],"about":[{"href":"https:\/\/www.fiesta-eventfactory-mallorca.com\/es\/wp-json\/wp\/v2\/types\/page"}],"author":[{"embeddable":true,"href":"https:\/\/www.fiesta-eventfactory-mallorca.com\/es\/wp-json\/wp\/v2\/users\/1"}],"replies":[{"embeddable":true,"href":"https:\/\/www.fiesta-eventfactory-mallorca.com\/es\/wp-json\/wp\/v2\/comments?post=652"}],"version-history":[{"count":2,"href":"https:\/\/www.fiesta-eventfactory-mallorca.com\/es\/wp-json\/wp\/v2\/pages\/652\/revisions"}],"predecessor-version":[{"id":654,"href":"https:\/\/www.fiesta-eventfactory-mallorca.com\/es\/wp-json\/wp\/v2\/pages\/652\/revisions\/654"}],"wp:attachment":[{"href":"https:\/\/www.fiesta-eventfactory-mallorca.com\/es\/wp-json\/wp\/v2\/media?parent=652"}],"curies":[{"name":"wp","href":"https:\/\/api.w.org\/{rel}","templated":true}]}}